{"id":7,"date":"2023-04-27T10:07:27","date_gmt":"2023-04-27T08:07:27","guid":{"rendered":"http:\/\/samova.cz\/?page_id=7"},"modified":"2024-05-30T17:16:07","modified_gmt":"2024-05-30T15:16:07","slug":"spolecenstvi-domu-samova-1178-1179-1180-1181-1182-1183-1184-praha-10","status":"publish","type":"page","link":"https:\/\/samova.cz\/index.php\/spolecenstvi-domu-samova-1178-1179-1180-1181-1182-1183-1184-praha-10\/","title":{"rendered":"Spole\u010denstv\u00ed domu S\u00e1mova 1178, 1179, 1180, 1181, 1182, 1183, 1184, Praha 10"},"content":{"rendered":"","protected":false},"excerpt":{"rendered":"","protected":false},"author":1,"featured_media":0,"parent":0,"menu_order":0,"comment_status":"closed","ping_status":"closed","template":"","meta":{"footnotes":""},"_links":{"self":[{"href":"https:\/\/samova.cz\/index.php\/wp-json\/wp\/v2\/pages\/7"}],"collection":[{"href":"https:\/\/samova.cz\/index.php\/wp-json\/wp\/v2\/pages"}],"about":[{"href":"https:\/\/samova.cz\/index.php\/wp-json\/wp\/v2\/types\/page"}],"author":[{"embeddable":true,"href":"https:\/\/samova.cz\/index.php\/wp-json\/wp\/v2\/users\/1"}],"replies":[{"embeddable":true,"href":"https:\/\/samova.cz\/index.php\/wp-json\/wp\/v2\/comments?post=7"}],"version-history":[{"count":5,"href":"https:\/\/samova.cz\/index.php\/wp-json\/wp\/v2\/pages\/7\/revisions"}],"predecessor-version":[{"id":68,"href":"https:\/\/samova.cz\/index.php\/wp-json\/wp\/v2\/pages\/7\/revisions\/68"}],"wp:attachment":[{"href":"https:\/\/samova.cz\/index.php\/wp-json\/wp\/v2\/media?parent=7"}],"curies":[{"name":"wp","href":"https:\/\/api.w.org\/{rel}","templated":true}]}}